{"id":327,"date":"2025-10-08T19:05:02","date_gmt":"2025-10-08T19:05:02","guid":{"rendered":"https:\/\/ghsolfin.com\/?page_id=327"},"modified":"2025-10-10T00:12:26","modified_gmt":"2025-10-10T00:12:26","slug":"servicios","status":"publish","type":"page","link":"https:\/\/ghsolfin.com\/index.php\/servicios\/","title":{"rendered":"Servicios"},"content":{"rendered":"\t\t<div data-elementor-type=\"wp-page\" data-elementor-id=\"327\" class=\"elementor elementor-327\" data-elementor-post-type=\"page\">\n\t\t\t\t<div class=\"elementor-element elementor-element-282825b8 e-con-full e-flex wpr-particle-no wpr-jarallax-no wpr-parallax-no wpr-sticky-section-no e-con e-parent\" data-id=\"282825b8\" data-element_type=\"container\" data-e-type=\"container\" data-settings=\"{&quot;background_background&quot;:&quot;classic&quot;}\">\n\t\t<div class=\"elementor-element elementor-element-6e810eeb e-flex e-con-boxed wpr-particle-no wpr-jarallax-no wpr-parallax-no wpr-sticky-section-no e-con e-child\" data-id=\"6e810eeb\" data-element_type=\"container\" data-e-type=\"container\" data-settings=\"{&quot;background_background&quot;:&quot;classic&quot;}\">\n\t\t\t\t\t<div class=\"e-con-inner\">\n\t\t\t\t<div class=\"elementor-element elementor-element-fe8b557 elementor-icon-list--layout-inline elementor-align-center elementor-list-item-link-full_width elementor-widget elementor-widget-icon-list\" data-id=\"fe8b557\" data-element_type=\"widget\" data-e-type=\"widget\" data-widget_type=\"icon-list.default\">\n\t\t\t\t\t\t\t<ul class=\"elementor-icon-list-items elementor-inline-items\">\n\t\t\t\t\t\t\t<li class=\"elementor-icon-list-item elementor-inline-item\">\n\t\t\t\t\t\t\t\t\t\t\t<a href=\"#\">\n\n\t\t\t\t\t\t\t\t\t\t\t<span class=\"elementor-icon-list-text\">Inicio<\/span>\n\t\t\t\t\t\t\t\t\t\t\t<\/a>\n\t\t\t\t\t\t\t\t\t<\/li>\n\t\t\t\t\t\t\t\t<li class=\"elementor-icon-list-item elementor-inline-item\">\n\t\t\t\t\t\t\t\t\t\t\t<a href=\"#\">\n\n\t\t\t\t\t\t\t\t\t\t\t<span class=\"elementor-icon-list-text\">Servicios<\/span>\n\t\t\t\t\t\t\t\t\t\t\t<\/a>\n\t\t\t\t\t\t\t\t\t<\/li>\n\t\t\t\t\t\t<\/ul>\n\t\t\t\t\t\t<\/div>\n\t\t\t\t<div class=\"elementor-element elementor-element-777bfe27 elementor-widget elementor-widget-heading\" data-id=\"777bfe27\" data-element_type=\"widget\" data-e-type=\"widget\" data-widget_type=\"heading.default\">\n\t\t\t\t\t<h1 class=\"elementor-heading-title elementor-size-default\">Servicios<\/h1>\t\t\t\t<\/div>\n\t\t\t\t\t<\/div>\n\t\t\t\t<\/div>\n\t\t\t\t<\/div>\n\t\t<div class=\"elementor-element elementor-element-7993a32 e-grid e-con-boxed wpr-particle-no wpr-jarallax-no wpr-parallax-no wpr-sticky-section-no e-con e-parent\" data-id=\"7993a32\" data-element_type=\"container\" data-e-type=\"container\">\n\t\t\t\t\t<div class=\"e-con-inner\">\n\t\t\t\t<div class=\"elementor-element elementor-element-4d31794 elementor-widget elementor-widget-tfimagebox\" data-id=\"4d31794\" data-element_type=\"widget\" data-e-type=\"widget\" data-widget_type=\"tfimagebox.default\">\n\t\t\t\t<div class=\"elementor-widget-container\">\n\t\t\t\t\t<div class=\"tf-imagebox style-1\">\r\n\t\t\t\t<div class=\"image\"><img fetchpriority=\"high\" decoding=\"async\" width=\"555\" height=\"378\" src=\"https:\/\/ghsolfin.com\/wp-content\/uploads\/2025\/10\/services_home02-RVW5KX9.jpg\" class=\"attachment-large size-large wp-image-86\" alt=\"\" srcset=\"https:\/\/ghsolfin.com\/wp-content\/uploads\/2025\/10\/services_home02-RVW5KX9.jpg 555w, https:\/\/ghsolfin.com\/wp-content\/uploads\/2025\/10\/services_home02-RVW5KX9-300x204.jpg 300w\" sizes=\"(max-width: 555px) 100vw, 555px\" \/> <div class=\"image-overlay fade-in\"><\/div><\/div>\r\n\t\t\t\t<div class=\"content-only \"> <h4 class=\"title\"><a href=\"https:\/\/ghsolfin.com\/index.php\/contacto\/\">Asesor\u00eda en deudas o insolvencia de personas naturales<\/a><\/h4><\/div>\r\n\t\t\t\t<div class=\"content \"> <h4 class=\"title\"><a href=\"https:\/\/ghsolfin.com\/index.php\/contacto\/\">Asesor\u00eda en deudas o insolvencia de personas naturales<\/a><\/h4> <div class=\"description\">\u00a1Empieza a construir un mejor futuro desde hoy! Negociamos con cualquier banco en Colombia cuando sea posible. Logramos que quedes protegido de manera legal y que, si atraviesas una situaci\u00f3n dif\u00edcil, tengas acceso a herramientas jur\u00eddicas que te permitan defenderte y salir adelante. Sin remates, sin deudas y con la tranquilidad de contar con una segunda oportunidad financiera.\nCosto consulta presencial: $200.000\nCosto consulta virtual: $100.000<\/div> <div class=\"tf-button-container \"><a class=\"tf-button bt_icon_after hover-default\" href=\"https:\/\/ghsolfin.com\/index.php\/contacto\/\">Consultar <i class=\"\"><\/i><\/a><\/div><\/div>\r\n\t\t\t<\/div>\t\t\t\t<\/div>\n\t\t\t\t<\/div>\n\t\t\t\t<div class=\"elementor-element elementor-element-4624010 elementor-widget elementor-widget-tfimagebox\" data-id=\"4624010\" data-element_type=\"widget\" data-e-type=\"widget\" data-widget_type=\"tfimagebox.default\">\n\t\t\t\t<div class=\"elementor-widget-container\">\n\t\t\t\t\t<div class=\"tf-imagebox style-1\">\r\n\t\t\t\t<div class=\"image\"><img decoding=\"async\" width=\"555\" height=\"378\" src=\"https:\/\/ghsolfin.com\/wp-content\/uploads\/2025\/10\/services_home02-GEMC6KN.jpg\" class=\"attachment-large size-large wp-image-87\" alt=\"\" srcset=\"https:\/\/ghsolfin.com\/wp-content\/uploads\/2025\/10\/services_home02-GEMC6KN.jpg 555w, https:\/\/ghsolfin.com\/wp-content\/uploads\/2025\/10\/services_home02-GEMC6KN-300x204.jpg 300w\" sizes=\"(max-width: 555px) 100vw, 555px\" \/> <div class=\"image-overlay fade-in\"><\/div><\/div>\r\n\t\t\t\t<div class=\"content-only \"> <h4 class=\"title\"><a href=\"https:\/\/ghsolfin.com\/index.php\/contacto\/\">Asesor\u00eda en deudas o insolvencia de personas jur\u00eddicas<\/a><\/h4><\/div>\r\n\t\t\t\t<div class=\"content \"> <h4 class=\"title\"><a href=\"https:\/\/ghsolfin.com\/index.php\/contacto\/\">Asesor\u00eda en deudas o insolvencia de personas jur\u00eddicas<\/a><\/h4> <div class=\"description\">\u00bfTu empresa necesita apoyo legal, financiero y administrativo? En Solfin evaluamos la situaci\u00f3n, proyectamos los objetivos financieros y dise\u00f1amos una estrategia que aporte valor, asegurando la continuidad y sostenibilidad del negocio. \u00a1Perm\u00edtenos darte una nueva oportunidad empresarial!\nValor de la consulta empresarial: $300.000 (virtual o presencial)<\/div> <div class=\"tf-button-container \"><a class=\"tf-button bt_icon_after hover-default\" href=\"https:\/\/ghsolfin.com\/index.php\/contacto\/\">Consultar <i class=\"\"><\/i><\/a><\/div><\/div>\r\n\t\t\t<\/div>\t\t\t\t<\/div>\n\t\t\t\t<\/div>\n\t\t\t\t\t<\/div>\n\t\t\t\t<\/div>\n\t\t<div class=\"elementor-element elementor-element-2bce2ef e-grid e-con-boxed wpr-particle-no wpr-jarallax-no wpr-parallax-no wpr-sticky-section-no e-con e-parent\" data-id=\"2bce2ef\" data-element_type=\"container\" data-e-type=\"container\">\n\t\t\t\t\t<div class=\"e-con-inner\">\n\t\t\t\t<div class=\"elementor-element elementor-element-407f1b6 elementor-widget elementor-widget-tfimagebox\" data-id=\"407f1b6\" data-element_type=\"widget\" data-e-type=\"widget\" data-widget_type=\"tfimagebox.default\">\n\t\t\t\t<div class=\"elementor-widget-container\">\n\t\t\t\t\t<div class=\"tf-imagebox style-1\">\r\n\t\t\t\t<div class=\"image\"><img decoding=\"async\" width=\"555\" height=\"378\" src=\"https:\/\/ghsolfin.com\/wp-content\/uploads\/2025\/10\/services_home02-V5T8NN9.jpg\" class=\"attachment-large size-large wp-image-88\" alt=\"\" srcset=\"https:\/\/ghsolfin.com\/wp-content\/uploads\/2025\/10\/services_home02-V5T8NN9.jpg 555w, https:\/\/ghsolfin.com\/wp-content\/uploads\/2025\/10\/services_home02-V5T8NN9-300x204.jpg 300w\" sizes=\"(max-width: 555px) 100vw, 555px\" \/> <div class=\"image-overlay fade-in\"><\/div><\/div>\r\n\t\t\t\t<div class=\"content-only \"> <h4 class=\"title\"><a href=\"https:\/\/ghsolfin.com\/index.php\/contacto\/\">Programa de finanzas personales<\/a><\/h4><\/div>\r\n\t\t\t\t<div class=\"content \"> <h4 class=\"title\"><a href=\"https:\/\/ghsolfin.com\/index.php\/contacto\/\">Programa de finanzas personales<\/a><\/h4> <div class=\"description\">Somos tu acompa\u00f1ante financiero: te ayudamos a organizar, ejecutar, dar seguimiento y alcanzar tus metas econ\u00f3micas. Conoce nuestro plan combinado, que une asesor\u00eda personalizada con seguimiento virtual.<\/div> <div class=\"tf-button-container \"><a class=\"tf-button bt_icon_after hover-default\" href=\"https:\/\/ghsolfin.com\/index.php\/contacto\/\">Consultar <i class=\"\"><\/i><\/a><\/div><\/div>\r\n\t\t\t<\/div>\t\t\t\t<\/div>\n\t\t\t\t<\/div>\n\t\t\t\t<div class=\"elementor-element elementor-element-d590d83 elementor-widget elementor-widget-tfimagebox\" data-id=\"d590d83\" data-element_type=\"widget\" data-e-type=\"widget\" data-widget_type=\"tfimagebox.default\">\n\t\t\t\t<div class=\"elementor-widget-container\">\n\t\t\t\t\t<div class=\"tf-imagebox style-1\">\r\n\t\t\t\t<div class=\"image\"><img loading=\"lazy\" decoding=\"async\" width=\"555\" height=\"378\" src=\"https:\/\/ghsolfin.com\/wp-content\/uploads\/2025\/10\/services_home03-JMZNSDC.jpg\" class=\"attachment-large size-large wp-image-476\" alt=\"\" srcset=\"https:\/\/ghsolfin.com\/wp-content\/uploads\/2025\/10\/services_home03-JMZNSDC.jpg 555w, https:\/\/ghsolfin.com\/wp-content\/uploads\/2025\/10\/services_home03-JMZNSDC-300x204.jpg 300w\" sizes=\"(max-width: 555px) 100vw, 555px\" \/> <div class=\"image-overlay fade-in\"><\/div><\/div>\r\n\t\t\t\t<div class=\"content-only \"> <h4 class=\"title\"><a href=\"https:\/\/ghsolfin.com\/index.php\/contacto\/\">IFI Training<\/a><\/h4><\/div>\r\n\t\t\t\t<div class=\"content \"> <h4 class=\"title\"><a href=\"https:\/\/ghsolfin.com\/index.php\/contacto\/\">IFI Training<\/a><\/h4> <div class=\"description\">Brindamos capacitaci\u00f3n integral a compa\u00f1\u00edas y a sus colaboradores en temas financieros, legales y de toma de decisiones relacionadas con las finanzas personales.<\/div> <div class=\"tf-button-container \"><a class=\"tf-button bt_icon_after hover-default\" href=\"https:\/\/ghsolfin.com\/index.php\/contacto\/\">Consultar <i class=\"\"><\/i><\/a><\/div><\/div>\r\n\t\t\t<\/div>\t\t\t\t<\/div>\n\t\t\t\t<\/div>\n\t\t\t\t<div class=\"elementor-element elementor-element-050db2c elementor-widget elementor-widget-tfimagebox\" data-id=\"050db2c\" data-element_type=\"widget\" data-e-type=\"widget\" data-widget_type=\"tfimagebox.default\">\n\t\t\t\t<div class=\"elementor-widget-container\">\n\t\t\t\t\t<div class=\"tf-imagebox style-1\">\r\n\t\t\t\t<div class=\"image\"><img loading=\"lazy\" decoding=\"async\" width=\"555\" height=\"378\" src=\"https:\/\/ghsolfin.com\/wp-content\/uploads\/2025\/10\/services_home03-5ZDJNU6.jpg\" class=\"attachment-large size-large wp-image-475\" alt=\"\" srcset=\"https:\/\/ghsolfin.com\/wp-content\/uploads\/2025\/10\/services_home03-5ZDJNU6.jpg 555w, https:\/\/ghsolfin.com\/wp-content\/uploads\/2025\/10\/services_home03-5ZDJNU6-300x204.jpg 300w\" sizes=\"(max-width: 555px) 100vw, 555px\" \/> <div class=\"image-overlay fade-in\"><\/div><\/div>\r\n\t\t\t\t<div class=\"content-only \"> <h4 class=\"title\"><a href=\"https:\/\/ghsolfin.com\/index.php\/contacto\/\">Declaraci\u00f3n de renta<\/a><\/h4><\/div>\r\n\t\t\t\t<div class=\"content \"> <h4 class=\"title\"><a href=\"https:\/\/ghsolfin.com\/index.php\/contacto\/\">Declaraci\u00f3n de renta<\/a><\/h4> <div class=\"description\">\u00bfEst\u00e1s dentro de un proceso de insolvencia y no sabes c\u00f3mo manejar tu declaraci\u00f3n de renta? Nuestros contadores s\u00ed tienen la respuesta: al entrar en insolvencia, las deudas reciben un tratamiento distinto. No se consideran condonaciones \u2014ese es un error frecuente que cometen algunos profesionales al presentar la declaraci\u00f3n\u2014 y calcular mal puede derivar en sanciones o multas.<\/div> <div class=\"tf-button-container \"><a class=\"tf-button bt_icon_after hover-default\" href=\"https:\/\/ghsolfin.com\/index.php\/contacto\/\">Consultar <i class=\"\"><\/i><\/a><\/div><\/div>\r\n\t\t\t<\/div>\t\t\t\t<\/div>\n\t\t\t\t<\/div>\n\t\t\t\t<div class=\"elementor-element elementor-element-0467eab elementor-widget elementor-widget-tfimagebox\" data-id=\"0467eab\" data-element_type=\"widget\" data-e-type=\"widget\" data-widget_type=\"tfimagebox.default\">\n\t\t\t\t<div class=\"elementor-widget-container\">\n\t\t\t\t\t<div class=\"tf-imagebox style-1\">\r\n\t\t\t\t<div class=\"image\"><img loading=\"lazy\" decoding=\"async\" width=\"555\" height=\"378\" src=\"https:\/\/ghsolfin.com\/wp-content\/uploads\/2025\/10\/services_home03-G97MEKX.jpg\" class=\"attachment-large size-large wp-image-474\" alt=\"\" srcset=\"https:\/\/ghsolfin.com\/wp-content\/uploads\/2025\/10\/services_home03-G97MEKX.jpg 555w, https:\/\/ghsolfin.com\/wp-content\/uploads\/2025\/10\/services_home03-G97MEKX-300x204.jpg 300w\" sizes=\"(max-width: 555px) 100vw, 555px\" \/> <div class=\"image-overlay fade-in\"><\/div><\/div>\r\n\t\t\t\t<div class=\"content-only \"> <h4 class=\"title\"><a href=\"https:\/\/ghsolfin.com\/index.php\/contacto\/\">Psicolog\u00eda de la crisis<\/a><\/h4><\/div>\r\n\t\t\t\t<div class=\"content \"> <h4 class=\"title\"><a href=\"https:\/\/ghsolfin.com\/index.php\/contacto\/\">Psicolog\u00eda de la crisis<\/a><\/h4> <div class=\"description\">En Solfin no solo nos enfocamos en la parte legal y financiera, tambi\u00e9n valoramos tu tranquilidad. Si el tema de las deudas est\u00e1 afectando tu salud mental, cu\u00e9ntanoslo. Si ya eres cliente activo, asignamos un especialista y la primera sesi\u00f3n no tiene costo. Si no lo eres a\u00fan, tambi\u00e9n te ofrecemos alternativas de acompa\u00f1amiento.<\/div> <div class=\"tf-button-container \"><a class=\"tf-button bt_icon_after hover-default\" href=\"https:\/\/ghsolfin.com\/index.php\/contacto\/\">Consultar <i class=\"\"><\/i><\/a><\/div><\/div>\r\n\t\t\t<\/div>\t\t\t\t<\/div>\n\t\t\t\t<\/div>\n\t\t\t\t<div class=\"elementor-element elementor-element-ff1c5b0 elementor-widget elementor-widget-tfimagebox\" data-id=\"ff1c5b0\" data-element_type=\"widget\" data-e-type=\"widget\" data-widget_type=\"tfimagebox.default\">\n\t\t\t\t<div class=\"elementor-widget-container\">\n\t\t\t\t\t<div class=\"tf-imagebox style-1\">\r\n\t\t\t\t<div class=\"image\"><img loading=\"lazy\" decoding=\"async\" width=\"555\" height=\"378\" src=\"https:\/\/ghsolfin.com\/wp-content\/uploads\/2025\/10\/Diseno-sin-titulo-2025-10-08T180203.414.png\" class=\"attachment-large size-large wp-image-481\" alt=\"\" srcset=\"https:\/\/ghsolfin.com\/wp-content\/uploads\/2025\/10\/Diseno-sin-titulo-2025-10-08T180203.414.png 555w, https:\/\/ghsolfin.com\/wp-content\/uploads\/2025\/10\/Diseno-sin-titulo-2025-10-08T180203.414-300x204.png 300w\" sizes=\"(max-width: 555px) 100vw, 555px\" \/> <div class=\"image-overlay fade-in\"><\/div><\/div>\r\n\t\t\t\t<div class=\"content-only \"> <h4 class=\"title\"><a href=\"https:\/\/ghsolfin.com\/index.php\/contacto\/\">Asesor\u00eda en inversiones<\/a><\/h4><\/div>\r\n\t\t\t\t<div class=\"content \"> <h4 class=\"title\"><a href=\"https:\/\/ghsolfin.com\/index.php\/contacto\/\">Asesor\u00eda en inversiones<\/a><\/h4> <div class=\"description\">Te orientamos para que tomes decisiones acertadas con tus recursos, reduzcas los riesgos y consolides una estructura financiera que te d\u00e9 estabilidad y seguridad en el futuro.<\/div> <div class=\"tf-button-container \"><a class=\"tf-button bt_icon_after hover-default\" href=\"https:\/\/ghsolfin.com\/index.php\/contacto\/\">Consultar <i class=\"\"><\/i><\/a><\/div><\/div>\r\n\t\t\t<\/div>\t\t\t\t<\/div>\n\t\t\t\t<\/div>\n\t\t\t\t<div class=\"elementor-element elementor-element-50c06ef elementor-widget elementor-widget-tfimagebox\" data-id=\"50c06ef\" data-element_type=\"widget\" data-e-type=\"widget\" data-widget_type=\"tfimagebox.default\">\n\t\t\t\t<div class=\"elementor-widget-container\">\n\t\t\t\t\t<div class=\"tf-imagebox style-1\">\r\n\t\t\t\t<div class=\"image\"><img loading=\"lazy\" decoding=\"async\" width=\"555\" height=\"378\" src=\"https:\/\/ghsolfin.com\/wp-content\/uploads\/2025\/10\/Diseno-sin-titulo-2025-10-08T180224.791.png\" class=\"attachment-large size-large wp-image-482\" alt=\"\" srcset=\"https:\/\/ghsolfin.com\/wp-content\/uploads\/2025\/10\/Diseno-sin-titulo-2025-10-08T180224.791.png 555w, https:\/\/ghsolfin.com\/wp-content\/uploads\/2025\/10\/Diseno-sin-titulo-2025-10-08T180224.791-300x204.png 300w\" sizes=\"(max-width: 555px) 100vw, 555px\" \/> <div class=\"image-overlay fade-in\"><\/div><\/div>\r\n\t\t\t\t<div class=\"content-only \"> <h4 class=\"title\"><a href=\"https:\/\/ghsolfin.com\/index.php\/contacto\/\">Negociaci\u00f3n con bancos<\/a><\/h4><\/div>\r\n\t\t\t\t<div class=\"content \"> <h4 class=\"title\"><a href=\"https:\/\/ghsolfin.com\/index.php\/contacto\/\">Negociaci\u00f3n con bancos<\/a><\/h4> <div class=\"description\">A trav\u00e9s de la negociaci\u00f3n directa, la aplicaci\u00f3n de la Circular Externa 026 de la Superfinanciera, los Programas de Apoyo al Deudor (PAD), la Ley de Insolvencia o estrategias mixtas, podemos ayudarte a transformar deudas pesadas en compromisos manejables. Negociamos con bancos y entidades en Colombia cuando sea viable.<\/div> <div class=\"tf-button-container \"><a class=\"tf-button bt_icon_after hover-default\" href=\"https:\/\/ghsolfin.com\/index.php\/contacto\/\">Consultar <i class=\"\"><\/i><\/a><\/div><\/div>\r\n\t\t\t<\/div>\t\t\t\t<\/div>\n\t\t\t\t<\/div>\n\t\t\t\t\t<\/div>\n\t\t\t\t<\/div>\n\t\t\t\t<\/div>\n\t\t","protected":false},"excerpt":{"rendered":"<p>Inicio Servicios Servicios Asesor\u00eda en deudas o insolvencia de personas naturales Asesor\u00eda en deudas o insolvencia de personas naturales \u00a1Empieza a construir un mejor futuro desde hoy! Negociamos con cualquier banco en Colombia cuando sea posible. Logramos que quedes protegido de manera legal y que, si atraviesas una situaci\u00f3n dif\u00edcil, tengas acceso a herramientas jur\u00eddicas que te permitan defenderte y salir adelante. Sin remates, sin deudas y con la tranquilidad de contar con una segunda oportunidad financiera. Costo consulta presencial: $200.000 Costo consulta virtual: $100.000 Consultar Asesor\u00eda en deudas o insolvencia de personas jur\u00eddicas Asesor\u00eda en deudas o insolvencia de personas jur\u00eddicas \u00bfTu empresa necesita apoyo legal, financiero y administrativo? En Solfin evaluamos la situaci\u00f3n, proyectamos los objetivos financieros y dise\u00f1amos una estrategia que aporte valor, asegurando la continuidad y sostenibilidad del negocio. \u00a1Perm\u00edtenos darte una nueva oportunidad empresarial! Valor de la consulta empresarial: $300.000 (virtual o presencial) Consultar Programa de finanzas personales Programa de finanzas personales Somos tu acompa\u00f1ante financiero: te ayudamos a organizar, ejecutar, dar seguimiento y alcanzar tus metas econ\u00f3micas. Conoce nuestro plan combinado, que une asesor\u00eda personalizada con seguimiento virtual. Consultar IFI Training IFI Training Brindamos capacitaci\u00f3n integral a compa\u00f1\u00edas y a sus colaboradores en temas financieros, legales y de toma de decisiones relacionadas con las finanzas personales. Consultar Declaraci\u00f3n de renta Declaraci\u00f3n de renta \u00bfEst\u00e1s dentro de un proceso de insolvencia y no sabes c\u00f3mo manejar tu declaraci\u00f3n de renta? Nuestros contadores s\u00ed tienen la respuesta: al entrar en insolvencia, las deudas reciben un tratamiento distinto. No se consideran condonaciones \u2014ese es un error frecuente que cometen algunos profesionales al presentar la declaraci\u00f3n\u2014 y calcular mal puede derivar en sanciones o multas. Consultar Psicolog\u00eda de la crisis Psicolog\u00eda de la crisis En Solfin no solo nos enfocamos en la parte legal y financiera, tambi\u00e9n valoramos tu tranquilidad. Si el tema de las deudas est\u00e1 afectando tu salud mental, cu\u00e9ntanoslo. Si ya eres cliente activo, asignamos un especialista y la primera sesi\u00f3n no tiene costo. Si no lo eres a\u00fan, tambi\u00e9n te ofrecemos alternativas de acompa\u00f1amiento. Consultar Asesor\u00eda en inversiones Asesor\u00eda en inversiones Te orientamos para que tomes decisiones acertadas con tus recursos, reduzcas los riesgos y consolides una estructura financiera que te d\u00e9 estabilidad y seguridad en el futuro. Consultar Negociaci\u00f3n con bancos Negociaci\u00f3n con bancos A trav\u00e9s de la negociaci\u00f3n directa, la aplicaci\u00f3n de la Circular Externa 026 de la Superfinanciera, los Programas de Apoyo al Deudor (PAD), la Ley de Insolvencia o estrategias mixtas, podemos ayudarte a transformar deudas pesadas en compromisos manejables. Negociamos con bancos y entidades en Colombia cuando sea viable. Consultar<\/p>\n","protected":false},"author":1,"featured_media":0,"parent":0,"menu_order":0,"comment_status":"closed","ping_status":"closed","template":"elementor_header_footer","meta":{"footnotes":""},"class_list":["post-327","page","type-page","status-publish","hentry"],"_links":{"self":[{"href":"https:\/\/ghsolfin.com\/index.php\/wp-json\/wp\/v2\/pages\/327","targetHints":{"allow":["GET"]}}],"collection":[{"href":"https:\/\/ghsolfin.com\/index.php\/wp-json\/wp\/v2\/pages"}],"about":[{"href":"https:\/\/ghsolfin.com\/index.php\/wp-json\/wp\/v2\/types\/page"}],"author":[{"embeddable":true,"href":"https:\/\/ghsolfin.com\/index.php\/wp-json\/wp\/v2\/users\/1"}],"replies":[{"embeddable":true,"href":"https:\/\/ghsolfin.com\/index.php\/wp-json\/wp\/v2\/comments?post=327"}],"version-history":[{"count":49,"href":"https:\/\/ghsolfin.com\/index.php\/wp-json\/wp\/v2\/pages\/327\/revisions"}],"predecessor-version":[{"id":641,"href":"https:\/\/ghsolfin.com\/index.php\/wp-json\/wp\/v2\/pages\/327\/revisions\/641"}],"wp:attachment":[{"href":"https:\/\/ghsolfin.com\/index.php\/wp-json\/wp\/v2\/media?parent=327"}],"curies":[{"name":"wp","href":"https:\/\/api.w.org\/{rel}","templated":true}]}}