{"id":576,"date":"2025-10-09T23:43:24","date_gmt":"2025-10-09T23:43:24","guid":{"rendered":"https:\/\/ghsolfin.com\/?page_id=576"},"modified":"2025-10-09T23:50:52","modified_gmt":"2025-10-09T23:50:52","slug":"indicadores-economicos","status":"publish","type":"page","link":"https:\/\/ghsolfin.com\/index.php\/indicadores-economicos\/","title":{"rendered":"Indicadores econ\u00f3micos"},"content":{"rendered":"\t\t<div data-elementor-type=\"wp-page\" data-elementor-id=\"576\" class=\"elementor elementor-576\" data-elementor-post-type=\"page\">\n\t\t\t\t<div class=\"elementor-element elementor-element-3be3b9d8 e-con-full e-flex wpr-particle-no wpr-jarallax-no wpr-parallax-no wpr-sticky-section-no e-con e-parent\" data-id=\"3be3b9d8\" data-element_type=\"container\" data-e-type=\"container\" data-settings=\"{&quot;background_background&quot;:&quot;classic&quot;}\">\n\t\t<div class=\"elementor-element elementor-element-11989347 e-flex e-con-boxed wpr-particle-no wpr-jarallax-no wpr-parallax-no wpr-sticky-section-no e-con e-child\" data-id=\"11989347\" data-element_type=\"container\" data-e-type=\"container\" data-settings=\"{&quot;background_background&quot;:&quot;classic&quot;}\">\n\t\t\t\t\t<div class=\"e-con-inner\">\n\t\t\t\t<div class=\"elementor-element elementor-element-5c7d76d0 elementor-icon-list--layout-inline elementor-align-center elementor-list-item-link-full_width elementor-widget elementor-widget-icon-list\" data-id=\"5c7d76d0\" data-element_type=\"widget\" data-e-type=\"widget\" data-widget_type=\"icon-list.default\">\n\t\t\t\t\t\t\t<ul class=\"elementor-icon-list-items elementor-inline-items\">\n\t\t\t\t\t\t\t<li class=\"elementor-icon-list-item elementor-inline-item\">\n\t\t\t\t\t\t\t\t\t\t\t<a href=\"#\">\n\n\t\t\t\t\t\t\t\t\t\t\t<span class=\"elementor-icon-list-text\">Inicio<\/span>\n\t\t\t\t\t\t\t\t\t\t\t<\/a>\n\t\t\t\t\t\t\t\t\t<\/li>\n\t\t\t\t\t\t\t\t<li class=\"elementor-icon-list-item elementor-inline-item\">\n\t\t\t\t\t\t\t\t\t\t\t<a href=\"#\">\n\n\t\t\t\t\t\t\t\t\t\t\t<span class=\"elementor-icon-list-text\">Indicadores econ\u00f3micos<\/span>\n\t\t\t\t\t\t\t\t\t\t\t<\/a>\n\t\t\t\t\t\t\t\t\t<\/li>\n\t\t\t\t\t\t<\/ul>\n\t\t\t\t\t\t<\/div>\n\t\t\t\t<div class=\"elementor-element elementor-element-29b8da80 elementor-widget elementor-widget-heading\" data-id=\"29b8da80\" data-element_type=\"widget\" data-e-type=\"widget\" data-widget_type=\"heading.default\">\n\t\t\t\t\t<h1 class=\"elementor-heading-title elementor-size-default\">Indicadores econ\u00f3micos<\/h1>\t\t\t\t<\/div>\n\t\t\t\t\t<\/div>\n\t\t\t\t<\/div>\n\t\t\t\t<\/div>\n\t\t\t\t<section class=\"elementor-section elementor-top-section elementor-element elementor-element-6f9cd7f elementor-section-boxed elementor-section-height-default elementor-section-height-default wpr-particle-no wpr-jarallax-no wpr-parallax-no wpr-sticky-section-no\" data-id=\"6f9cd7f\" data-element_type=\"section\" data-e-type=\"section\">\n\t\t\t\t\t\t<div class=\"elementor-container elementor-column-gap-default\">\n\t\t\t\t\t<div class=\"elementor-column elementor-col-50 elementor-top-column elementor-element elementor-element-6937cdc\" data-id=\"6937cdc\" data-element_type=\"column\" data-e-type=\"column\">\n\t\t\t<div class=\"elementor-widget-wrap elementor-element-populated\">\n\t\t\t\t\t\t<div class=\"elementor-element elementor-element-3ec7da7 elementor-widget elementor-widget-heading\" data-id=\"3ec7da7\" data-element_type=\"widget\" data-e-type=\"widget\" data-widget_type=\"heading.default\">\n\t\t\t\t\t<h2 class=\"elementor-heading-title elementor-size-default\">TRM de hoy<\/h2>\t\t\t\t<\/div>\n\t\t\t\t<div class=\"elementor-element elementor-element-8cca61b elementor-widget elementor-widget-html\" data-id=\"8cca61b\" data-element_type=\"widget\" data-e-type=\"widget\" data-widget_type=\"html.default\">\n\t\t\t\t\t<!-- D\u00f3lar Hoy TRM Colombia Start --><style type=\"text\/css\">#dolar_wpc3 a {font-size:1.2rem; font-weight:500; text-decoration:none;} #widget_usd_cop3 {font-size:1.1rem; color:#000;}<\/style><div id=\"dolar_wpc3\"><a href=\"https:\/\/dolar.wilkinsonpc.com.co\/\" target=\"_new\">Precio del D\u00f3lar Hoy<\/a><\/div><script type=\"text\/javascript\" src=\"https:\/\/widgets.wilkinsonpc.com.co\/curr\/curr-usd-cop3.js\"><\/script><!-- D\u00f3lar Hoy TRM Colombia End -->\r\n\t\t\t\t\t\t\t\t<\/div>\n\t\t\t\t\t<\/div>\n\t\t<\/div>\n\t\t\t\t<div class=\"elementor-column elementor-col-50 elementor-top-column elementor-element elementor-element-cc6e48f\" data-id=\"cc6e48f\" data-element_type=\"column\" data-e-type=\"column\">\n\t\t\t<div class=\"elementor-widget-wrap elementor-element-populated\">\n\t\t\t\t\t\t<div class=\"elementor-element elementor-element-dfa63d3 elementor-widget elementor-widget-heading\" data-id=\"dfa63d3\" data-element_type=\"widget\" data-e-type=\"widget\" data-widget_type=\"heading.default\">\n\t\t\t\t\t<h2 class=\"elementor-heading-title elementor-size-default\">Conversor de moneda<\/h2>\t\t\t\t<\/div>\n\t\t\t\t<div class=\"elementor-element elementor-element-ef35a1f elementor-widget elementor-widget-html\" data-id=\"ef35a1f\" data-element_type=\"widget\" data-e-type=\"widget\" data-widget_type=\"html.default\">\n\t\t\t\t\t<!-- D\u00f3lar Hoy TRM Colombia Start --><style type=\"text\/css\">#dolar_wpc5 a {font-size:1.2rem; font-weight:500; text-decoration:none;} #widget_usd_cop5 {font-size:1.1rem; color:#000;}<\/style><div id=\"dolar_wpc5\"><a href=\"https:\/\/dolar.wilkinsonpc.com.co\/dolar-trm-convertidor.html\" target=\"_new\">Convertidor D\u00f3lar Hoy<\/a><\/div><script type=\"text\/javascript\" src=\"https:\/\/widgets.wilkinsonpc.com.co\/curr\/curr-usd-cop5.js\"><\/script><!-- D\u00f3lar Hoy TRM Colombia End -->\r\n\t\t\t\t\t\t\t\t<\/div>\n\t\t\t\t\t<\/div>\n\t\t<\/div>\n\t\t\t\t\t<\/div>\n\t\t<\/section>\n\t\t\t\t<section class=\"elementor-section elementor-top-section elementor-element elementor-element-6d0494b elementor-section-boxed elementor-section-height-default elementor-section-height-default wpr-particle-no wpr-jarallax-no wpr-parallax-no wpr-sticky-section-no\" data-id=\"6d0494b\" data-element_type=\"section\" data-e-type=\"section\">\n\t\t\t\t\t\t<div class=\"elementor-container elementor-column-gap-default\">\n\t\t\t\t\t<div class=\"elementor-column elementor-col-100 elementor-top-column elementor-element elementor-element-20451d2\" data-id=\"20451d2\" data-element_type=\"column\" data-e-type=\"column\">\n\t\t\t<div class=\"elementor-widget-wrap elementor-element-populated\">\n\t\t\t\t\t\t<div class=\"elementor-element elementor-element-50505a3 elementor-widget elementor-widget-heading\" data-id=\"50505a3\" data-element_type=\"widget\" data-e-type=\"widget\" data-widget_type=\"heading.default\">\n\t\t\t\t\t<h2 class=\"elementor-heading-title elementor-size-default\">Precio del d\u00f3lar hoy en Colombia<\/h2>\t\t\t\t<\/div>\n\t\t\t\t\t<\/div>\n\t\t<\/div>\n\t\t\t\t\t<\/div>\n\t\t<\/section>\n\t\t\t\t<section class=\"elementor-section elementor-top-section elementor-element elementor-element-07a5ac8 elementor-section-boxed elementor-section-height-default elementor-section-height-default wpr-particle-no wpr-jarallax-no wpr-parallax-no wpr-sticky-section-no\" data-id=\"07a5ac8\" data-element_type=\"section\" data-e-type=\"section\">\n\t\t\t\t\t\t<div class=\"elementor-container elementor-column-gap-default\">\n\t\t\t\t\t<div class=\"elementor-column elementor-col-100 elementor-top-column elementor-element elementor-element-f09b621\" data-id=\"f09b621\" data-element_type=\"column\" data-e-type=\"column\">\n\t\t\t<div class=\"elementor-widget-wrap elementor-element-populated\">\n\t\t\t\t\t\t<div class=\"elementor-element elementor-element-00b86de elementor-widget elementor-widget-html\" data-id=\"00b86de\" data-element_type=\"widget\" data-e-type=\"widget\" data-widget_type=\"html.default\">\n\t\t\t\t\t<!-- D\u00f3lar Hoy TRM Colombia Start --><style type=\"text\/css\">#dolar_wpc20 a {font-size:1.2rem; font-weight:500; text-decoration:none;} #widget_misc20 {font-size:1.1rem; color:#000; width:100%; padding:0.5rem;} #widget_misc20 td {padding-left:0.2rem; padding-right:0.2rem;} #widget_misc20 .cl {text-align:left;} #widget_misc20 .cr {text-align:right;}<\/style><div id=\"dolar_wpc20\"><a href=\"https:\/\/dolar.wilkinsonpc.com.co\/\" target=\"_new\">D\u00f3lar Hoy Colombia<\/a><\/div><script type=\"text\/javascript\" src=\"https:\/\/widgets.wilkinsonpc.com.co\/misc\/misc-indicadores20.js\"><\/script><!-- D\u00f3lar Hoy TRM Colombia End -->\r\n\t\t\t\t\t\t\t\t<\/div>\n\t\t\t\t\t<\/div>\n\t\t<\/div>\n\t\t\t\t\t<\/div>\n\t\t<\/section>\n\t\t\t\t<section class=\"elementor-section elementor-top-section elementor-element elementor-element-fb16f1b elementor-section-boxed elementor-section-height-default elementor-section-height-default wpr-particle-no wpr-jarallax-no wpr-parallax-no wpr-sticky-section-no\" data-id=\"fb16f1b\" data-element_type=\"section\" data-e-type=\"section\">\n\t\t\t\t\t\t<div class=\"elementor-container elementor-column-gap-default\">\n\t\t\t\t\t<div class=\"elementor-column elementor-col-100 elementor-top-column elementor-element elementor-element-b95db88\" data-id=\"b95db88\" data-element_type=\"column\" data-e-type=\"column\">\n\t\t\t<div class=\"elementor-widget-wrap elementor-element-populated\">\n\t\t\t\t\t\t<div class=\"elementor-element elementor-element-89273b9 elementor-widget elementor-widget-heading\" data-id=\"89273b9\" data-element_type=\"widget\" data-e-type=\"widget\" data-widget_type=\"heading.default\">\n\t\t\t\t\t<h2 class=\"elementor-heading-title elementor-size-default\">Valores de monedas extranjeras<\/h2>\t\t\t\t<\/div>\n\t\t\t\t<div class=\"elementor-element elementor-element-16a55c4 elementor-widget elementor-widget-html\" data-id=\"16a55c4\" data-element_type=\"widget\" data-e-type=\"widget\" data-widget_type=\"html.default\">\n\t\t\t\t\t<!-- TradingView Widget BEGIN -->\r\n<div class=\"tradingview-widget-container\">\r\n  <div class=\"tradingview-widget-container__widget\"><\/div>\r\n  <div class=\"tradingview-widget-copyright\"><a href=\"https:\/\/es.tradingview.com\/\" rel=\"noopener nofollow\" target=\"_blank\"><span class=\"blue-text\">Siga los mercados en TradingView<\/span><\/a><\/div>\r\n  <script type=\"text\/javascript\" src=\"https:\/\/s3.tradingview.com\/external-embedding\/embed-widget-tickers.js\" async>\r\n  {\r\n  \"symbols\": [\r\n    {\r\n      \"proName\": \"FOREXCOM:SPXUSD\",\r\n      \"title\": \"S&P 500 Index\"\r\n    },\r\n    {\r\n      \"proName\": \"FOREXCOM:NSXUSD\",\r\n      \"title\": \"US 100 Cash CFD\"\r\n    },\r\n    {\r\n      \"proName\": \"FX_IDC:EURUSD\",\r\n      \"title\": \"EUR to USD\"\r\n    },\r\n    {\r\n      \"proName\": \"BITSTAMP:BTCUSD\",\r\n      \"title\": \"Bitcoin\"\r\n    },\r\n    {\r\n      \"proName\": \"BITSTAMP:ETHUSD\",\r\n      \"title\": \"Ethereum\"\r\n    }\r\n  ],\r\n  \"isTransparent\": true,\r\n  \"showSymbolLogo\": true,\r\n  \"colorTheme\": \"light\",\r\n  \"locale\": \"es\"\r\n}\r\n  <\/script>\r\n<\/div>\r\n<!-- TradingView Widget END -->\r\n\t\t\t\t\t\t\t\t<\/div>\n\t\t\t\t\t<\/div>\n\t\t<\/div>\n\t\t\t\t\t<\/div>\n\t\t<\/section>\n\t\t\t\t<section class=\"elementor-section elementor-top-section elementor-element elementor-element-ff91b4a elementor-section-boxed elementor-section-height-default elementor-section-height-default wpr-particle-no wpr-jarallax-no wpr-parallax-no wpr-sticky-section-no\" data-id=\"ff91b4a\" data-element_type=\"section\" data-e-type=\"section\">\n\t\t\t\t\t\t<div class=\"elementor-container elementor-column-gap-default\">\n\t\t\t\t\t<div class=\"elementor-column elementor-col-100 elementor-top-column elementor-element elementor-element-eaa6e25\" data-id=\"eaa6e25\" data-element_type=\"column\" data-e-type=\"column\">\n\t\t\t<div class=\"elementor-widget-wrap elementor-element-populated\">\n\t\t\t\t\t\t<div class=\"elementor-element elementor-element-1883841 elementor-widget elementor-widget-heading\" data-id=\"1883841\" data-element_type=\"widget\" data-e-type=\"widget\" data-widget_type=\"heading.default\">\n\t\t\t\t\t<h2 class=\"elementor-heading-title elementor-size-default\">Datos de mercado<\/h2>\t\t\t\t<\/div>\n\t\t\t\t<div class=\"elementor-element elementor-element-7c146b1 elementor-widget elementor-widget-text-editor\" data-id=\"7c146b1\" data-element_type=\"widget\" data-e-type=\"widget\" data-widget_type=\"text-editor.default\">\n\t\t\t\t\t\t\t\t\t<p>Acceda a una panor\u00e1mica de los mercados globales, con variaciones de precios y los valores de apertura, m\u00e1ximo, m\u00ednimo y cierre de los instrumentos seleccionados.<\/p>\t\t\t\t\t\t\t\t<\/div>\n\t\t\t\t<div class=\"elementor-element elementor-element-0149e8c elementor-widget elementor-widget-html\" data-id=\"0149e8c\" data-element_type=\"widget\" data-e-type=\"widget\" data-widget_type=\"html.default\">\n\t\t\t\t\t<!-- TradingView Widget BEGIN -->\n<div class=\"tradingview-widget-container\">\n  <div class=\"tradingview-widget-container__widget\"><\/div>\n  <div class=\"tradingview-widget-copyright\"><a href=\"https:\/\/es.tradingview.com\/\" rel=\"noopener nofollow\" target=\"_blank\"><span class=\"blue-text\">Siga los mercados en TradingView<\/span><\/a><\/div>\n  <script type=\"text\/javascript\" src=\"https:\/\/s3.tradingview.com\/external-embedding\/embed-widget-market-quotes.js\" async>\n  {\n  \"width\": \"100%\",\n  \"height\": \"700\",\n  \"symbolsGroups\": [\n    {\n      \"name\": \"Indices\",\n      \"originalName\": \"Indices\",\n      \"symbols\": [\n        {\n          \"name\": \"FOREXCOM:SPXUSD\",\n          \"displayName\": \"S&P 500 Index\"\n        },\n        {\n          \"name\": \"FOREXCOM:NSXUSD\",\n          \"displayName\": \"US 100 Cash CFD\"\n        },\n        {\n          \"name\": \"FOREXCOM:DJI\",\n          \"displayName\": \"Dow Jones Industrial Average Index\"\n        },\n        {\n          \"name\": \"INDEX:NKY\",\n          \"displayName\": \"Japan 225\"\n        },\n        {\n          \"name\": \"INDEX:DEU40\",\n          \"displayName\": \"DAX Index\"\n        },\n        {\n          \"name\": \"FOREXCOM:UKXGBP\",\n          \"displayName\": \"FTSE 100 Index\"\n        }\n      ]\n    },\n    {\n      \"name\": \"Forex\",\n      \"originalName\": \"Forex\",\n      \"symbols\": [\n        {\n          \"name\": \"FX:EURUSD\",\n          \"displayName\": \"EUR to USD\"\n        },\n        {\n          \"name\": \"FX:GBPUSD\",\n          \"displayName\": \"GBP to USD\"\n        },\n        {\n          \"name\": \"FX:USDJPY\",\n          \"displayName\": \"USD to JPY\"\n        },\n        {\n          \"name\": \"FX:USDCHF\",\n          \"displayName\": \"USD to CHF\"\n        },\n        {\n          \"name\": \"FX:AUDUSD\",\n          \"displayName\": \"AUD to USD\"\n        },\n        {\n          \"name\": \"FX:USDCAD\",\n          \"displayName\": \"USD to CAD\"\n        }\n      ]\n    },\n    {\n      \"name\": \"Futures\",\n      \"originalName\": \"Futures\",\n      \"symbols\": [\n        {\n          \"name\": \"BMFBOVESPA:ISP1!\",\n          \"displayName\": \"S&P 500 Index Futures\"\n        },\n        {\n          \"name\": \"BMFBOVESPA:EUR1!\",\n          \"displayName\": \"Euro Futures\"\n        },\n        {\n          \"name\": \"PYTH:WTI3!\",\n          \"displayName\": \"WTI CRUDE OIL\"\n        },\n        {\n          \"name\": \"BMFBOVESPA:ETH1!\",\n          \"displayName\": \"Hydrous ethanol\"\n        },\n        {\n          \"name\": \"BMFBOVESPA:CCM1!\",\n          \"displayName\": \"Corn\"\n        }\n      ]\n    },\n    {\n      \"name\": \"Bonds\",\n      \"originalName\": \"Bonds\",\n      \"symbols\": [\n        {\n          \"name\": \"EUREX:FGBL1!\",\n          \"displayName\": \"Euro Bund\"\n        },\n        {\n          \"name\": \"EUREX:FBTP1!\",\n          \"displayName\": \"Euro BTP\"\n        },\n        {\n          \"name\": \"EUREX:FGBM1!\",\n          \"displayName\": \"Euro BOBL\"\n        }\n      ]\n    }\n  ],\n  \"showSymbolLogo\": true,\n  \"isTransparent\": true,\n  \"colorTheme\": \"light\",\n  \"locale\": \"es\"\n}\n  <\/script>\n<\/div>\n<!-- TradingView Widget END -->\t\t\t\t<\/div>\n\t\t\t\t\t<\/div>\n\t\t<\/div>\n\t\t\t\t\t<\/div>\n\t\t<\/section>\n\t\t\t\t<\/div>\n\t\t","protected":false},"excerpt":{"rendered":"<p>Inicio Indicadores econ\u00f3micos Indicadores econ\u00f3micos TRM de hoy Precio del D\u00f3lar Hoy Conversor de moneda Convertidor D\u00f3lar Hoy Precio del d\u00f3lar hoy en Colombia D\u00f3lar Hoy Colombia Valores de monedas extranjeras Siga los mercados en TradingView Datos de mercado Acceda a una panor\u00e1mica de los mercados globales, con variaciones de precios y los valores de apertura, m\u00e1ximo, m\u00ednimo y cierre de los instrumentos seleccionados. Siga los mercados en TradingView<\/p>\n","protected":false},"author":1,"featured_media":0,"parent":0,"menu_order":0,"comment_status":"closed","ping_status":"closed","template":"elementor_header_footer","meta":{"footnotes":""},"class_list":["post-576","page","type-page","status-publish","hentry"],"_links":{"self":[{"href":"https:\/\/ghsolfin.com\/index.php\/wp-json\/wp\/v2\/pages\/576","targetHints":{"allow":["GET"]}}],"collection":[{"href":"https:\/\/ghsolfin.com\/index.php\/wp-json\/wp\/v2\/pages"}],"about":[{"href":"https:\/\/ghsolfin.com\/index.php\/wp-json\/wp\/v2\/types\/page"}],"author":[{"embeddable":true,"href":"https:\/\/ghsolfin.com\/index.php\/wp-json\/wp\/v2\/users\/1"}],"replies":[{"embeddable":true,"href":"https:\/\/ghsolfin.com\/index.php\/wp-json\/wp\/v2\/comments?post=576"}],"version-history":[{"count":22,"href":"https:\/\/ghsolfin.com\/index.php\/wp-json\/wp\/v2\/pages\/576\/revisions"}],"predecessor-version":[{"id":599,"href":"https:\/\/ghsolfin.com\/index.php\/wp-json\/wp\/v2\/pages\/576\/revisions\/599"}],"wp:attachment":[{"href":"https:\/\/ghsolfin.com\/index.php\/wp-json\/wp\/v2\/media?parent=576"}],"curies":[{"name":"wp","href":"https:\/\/api.w.org\/{rel}","templated":true}]}}